{"id":106,"date":"2019-06-27T16:21:16","date_gmt":"2019-06-27T19:21:16","guid":{"rendered":"https:\/\/www.intercaddwg.com.br\/loja\/?page_id=106"},"modified":"2024-03-06T15:34:00","modified_gmt":"2024-03-06T18:34:00","slug":"politica-de-privacidade","status":"publish","type":"page","link":"https:\/\/www.intercaddwg.com.br\/loja\/politica-de-privacidade","title":{"rendered":"Pol\u00edtica de Privacidade"},"content":{"rendered":"<p>A CAD\/BIM Brasil \u00e9 uma empresa que preza pela seguran\u00e7a dos dados coletados pessoalmente por seus funcion\u00e1rios, em seus websites (<a href=\"http:\/\/www.arcadia-bim.com.br\">http:\/\/www.arcadia-bim.com.br<\/a>, <a href=\"https:\/\/www.caddwg.com.br\">https:\/\/www.caddwg.com.br,https:\/\/www.intercaddwg.com.br<\/a>), por contato direto telef\u00f4nico (21-2505-3939, 21-98995-6557), por e-mail (<a href=\"mailto:comercial@arcadia-bim.com.br\">comercial@arcadia-bim.com.br<\/a>, <a href=\"mailto:suporte@arcadia-bim.com.br\">suporte@arcadia-bim.com.br,financeiro@intercaddwg.com.br;comercial@intercaddwg.com.br<\/a>) ou outro meio eletr\u00f4nico durante o fornecimento de seus servi\u00e7os.<\/p>\n<p>A CAD\/BIM Brasil se compromete em manter a privacidade de seus clientes (referidos nesse documento pelos termos CLIENTE, USU\u00c1RIO e TITULAR DOS DADOS) e a seguran\u00e7a de seus dados pessoais, resguardados o <em>fair use<\/em> e suas responsabilidades c\u00edvicas. Esse documento \u00e9 parte dos Termos de Uso dos softwares e servi\u00e7os.<\/p>\n<p>A aceita\u00e7\u00e3o da Pol\u00edtica de Privacidade \u00e9 necess\u00e1ria para o funcionamento dos servi\u00e7os. O cliente pode se negar a fornecer seus dados requeridos pela empresa ou revogar a permiss\u00e3o do uso desses a qualquer tempo. Tal proibi\u00e7\u00e3o ou revoga\u00e7\u00e3o pode implicar a rescis\u00e3o do contrato de uso. Em caso de n\u00e3o aceita\u00e7\u00e3o da Pol\u00edtica de Privacidade, por favor n\u00e3o cadastre seus dados.<\/p>\n<p>O cadastro volunt\u00e1rio de seus dados, pelo cliente, por quaisquer plataformas ou formas de comunica\u00e7\u00e3o, configura aceita\u00e7\u00e3o da Pol\u00edtica de Privacidade e dos Termos de Uso. \u00c9 de responsabilidade do titular dos dados tomar conhecimento da Pol\u00edtica de Privacidade por completo antes de fornecer seus dados. O titular declara, com a aceita\u00e7\u00e3o, ser capaz e ter conhecimento dos dados dispostos nesse documento e nos Termos de Uso.<\/p>\n<p>1. Da coleta dos dados pessoais:<br \/>\nOs dados pessoais de cada titular podem ser coletados por diversos meios para sua utiliza\u00e7\u00e3o pela CAD\/BIM Brasil durante a presta\u00e7\u00e3o de servi\u00e7os. \u00c9 por essa coleta de dados que se possibilita o atendimento e a disponibiliza\u00e7\u00e3o de servi\u00e7os e ferramentas pela CAD\/BIM Brasil.<\/p>\n<p>O titular dos dados se responsabiliza pela veracidade dos dados, bem como por sua atualiza\u00e7\u00e3o, quando necess\u00e1rio. A CAD\/BIM Brasil se utiliza dos seguintes endere\u00e7os para sua promo\u00e7\u00e3o e presta\u00e7\u00e3o de servi\u00e7os:<\/p>\n<p>\u2013<a href=\"http:\/\/www.caddwg.com.br\">http:\/\/www.caddwg.com.br<\/a><br \/>\n\u2013<a href=\"https:\/\/www.arcadia-br.com.br\">https:\/\/www.arcadia-bim.com.br<\/a><a href=\"https:\/\/www.arcadia-br.com.br\"><br \/>\n\u2013<\/a><a href=\"https:\/\/www.arcadia-br.com.br\">https:\/\/www.intercaddwg.com.br.com.br<\/a><\/p>\n<p>Os sites s\u00e3o utilizados para promover a CAD\/BIM Brasil e seus servi\u00e7os na internet, al\u00e9m de disponibilizarem conte\u00fado educativo, colhendo os dados pessoais dos potenciais clientes. Durante o acesso dos sites, s\u00e3o utilizados cookies para melhorar a experi\u00eancia de navega\u00e7\u00e3o, sem os quais as p\u00e1ginas podem n\u00e3o funcionar. A aceita\u00e7\u00e3o da leitura e do uso de cookies se d\u00e1 pela visita\u00e7\u00e3o da p\u00e1gina. Caso o titular dos dados n\u00e3o quiser consentir com a leitura e o uso de cookies pela p\u00e1gina, deve sair dessa.<\/p>\n<p>Tamb\u00e9m se utilizam os sites da leitura de IP e de potencial leitura de localidade (a partir do IP) pelo aplicativo da tawk.to. A coleta desses dados tamb\u00e9m \u00e9 necess\u00e1ria para o funcionamento correto das p\u00e1ginas, sendo o consentimento com essas necess\u00e1rio para a utiliza\u00e7\u00e3o dos sites. A visita ao site representa tal consentimento. Em caso de falta de consentimento deve o titular dos dados sair da p\u00e1gina.<br \/>\nOs sites tamb\u00e9m podem se utilizar de cookies do Google Analytics para obter informa\u00e7\u00f5es estat\u00edsticas sobre a quantidade de visitantes, quantos retornaram ou de quais locais foram remetidos.<br \/>\nOs cookies utilizados est\u00e3o descritos a seguir, com suas dura\u00e7\u00f5es:<\/p>\n<p>&nbsp;<\/p>\n<table>\n<tbody>\n<tr>\n<td><span style=\"font-weight: 400;\">Cookie<\/span><\/td>\n<td><span style=\"font-weight: 400;\">Descri\u00e7\u00e3o<\/span><\/td>\n<td><span style=\"font-weight: 400;\">Dura\u00e7\u00e3o<\/span><\/td>\n<\/tr>\n<tr>\n<td><span style=\"font-weight: 400;\">PHPSESSID<\/span><\/td>\n<td><span style=\"font-weight: 400;\">Esse cookie \u00e9 nativo para aplicativos PHP. O cookie \u00e9 usado para armazenar e identificar o ID de sess\u00e3o exclusivo de um usu\u00e1rio com o objetivo de gerenciar a sess\u00e3o do usu\u00e1rio no site. O cookie \u00e9 um cookie de sess\u00e3o e \u00e9 exclu\u00eddo quando todas as janelas do navegador s\u00e3o fechadas.<\/span><\/td>\n<td><span style=\"font-weight: 400;\">sess\u00e3o<\/span><\/td>\n<\/tr>\n<tr>\n<td><span style=\"font-weight: 400;\">_ga<\/span><\/td>\n<td><span style=\"font-weight: 400;\">Esse cookie \u00e9 instalado pelo Google Analytics. O cookie \u00e9 usado para calcular dados de visitantes, sess\u00f5es, campanhas e acompanhar o uso do site no relat\u00f3rio de an\u00e1lise do site. Os cookies armazenam informa\u00e7\u00f5es anonimamente e atribuem um n\u00famero gerado aleatoriamente para identificar visitantes \u00fanicos.<\/span><\/td>\n<td><span style=\"font-weight: 400;\">2 anos<\/span><\/td>\n<\/tr>\n<tr>\n<td><span style=\"font-weight: 400;\">_gid<\/span><\/td>\n<td><span style=\"font-weight: 400;\">Esse cookie \u00e9 instalado pelo Google Analytics. O cookie \u00e9 usado para armazenar informa\u00e7\u00f5es de como os visitantes usam um site e ajuda na cria\u00e7\u00e3o de um relat\u00f3rio de an\u00e1lise de como o site website est\u00e1 indo. Os dados coletados, incluindo o n\u00famero de visitantes, a origem de onde eles vieram e as p\u00e1ginas foram exibidas de forma an\u00f4nima.<\/span><\/td>\n<td><span style=\"font-weight: 400;\">1 dia<\/span><\/td>\n<\/tr>\n<tr>\n<td><span style=\"font-weight: 400;\">_gat<\/span><\/td>\n<td><span style=\"font-weight: 400;\">Esses cookies s\u00e3o instalados pelo Google Universal Analytics para limitar a taxa de solicita\u00e7\u00f5es e limitar a coleta de dados em sites de alto tr\u00e1fego.<\/span><\/td>\n<td><span style=\"font-weight: 400;\">1 minuto<\/span><\/td>\n<\/tr>\n<tr>\n<td><span style=\"font-weight: 400;\">_fbp<\/span><\/td>\n<td><span style=\"font-weight: 400;\">Esse cookie \u00e9 definido pelo Facebook para exibir an\u00fancios quando eles est\u00e3o no Facebook ou em uma plataforma digital alimentada por publicidade no Facebook depois de visitar esse site.<\/span><\/td>\n<td><span style=\"font-weight: 400;\">2 meses<\/span><\/td>\n<\/tr>\n<tr>\n<td><span style=\"font-weight: 400;\">Fr<\/span><\/td>\n<td><span style=\"font-weight: 400;\">O cookie \u00e9 definido pelo Facebook para mostrar an\u00fancios relevantes aos usu\u00e1rios e medir e melhorar os an\u00fancios. O cookie tamb\u00e9m rastreia o comportamento do usu\u00e1rio na Web em sites que possuem pixel do Facebook ou plug-in social do Facebook.<\/span><\/td>\n<td><span style=\"font-weight: 400;\">2 meses<\/span><\/td>\n<\/tr>\n<tr>\n<td><span style=\"font-weight: 400;\">test_cookie<\/span><\/td>\n<td><span style=\"font-weight: 400;\">Esse cookie \u00e9 definido por\u00a0<\/span><a href=\"http:\/\/doubleclick.net\/\"><span style=\"font-weight: 400;\">doubleclick.net<\/span><\/a><span style=\"font-weight: 400;\">. O objetivo do cookie \u00e9 determinar se o navegador dos usu\u00e1rios suporta cookies.<\/span><\/td>\n<td><span style=\"font-weight: 400;\">15 minutos<\/span><\/td>\n<\/tr>\n<tr>\n<td><span style=\"font-weight: 400;\">pvc_visits[0]<\/span><\/td>\n<td><span style=\"font-weight: 400;\">Cookie utilizado para contabilizar visitas no blog<\/span><\/td>\n<td><span style=\"font-weight: 400;\">1 dia<\/span><\/td>\n<\/tr>\n<tr>\n<td><span style=\"font-weight: 400;\">_wingify_pc_uuid<\/span><\/td>\n<td><span style=\"font-weight: 400;\">Cookie utilizado para administrar a chamada \u201cDeseja receber notifica\u00e7\u00f5es\u201d quando sair uma postagem nova no blog.<\/span><\/td>\n<td><span style=\"font-weight: 400;\">27 anos<\/span><\/td>\n<\/tr>\n<tr>\n<td><span style=\"font-weight: 400;\">wingify_donot_track_actions<\/span><\/td>\n<td><span style=\"font-weight: 400;\">Cookie utilizado para administrar a chamada \u201cDeseja receber notifica\u00e7\u00f5es\u201d quando sair uma postagem nova no blog.<\/span><\/td>\n<td><span style=\"font-weight: 400;\">27 anos<\/span><\/td>\n<\/tr>\n<tr>\n<td><span style=\"font-weight: 400;\">kryzalis_li_e_concordo<\/span><\/td>\n<td><span style=\"font-weight: 400;\">Cookie criado para quando o usu\u00e1rio l\u00ea e concorda com nossos termos, assim o site n\u00e3o exibe novamente a barrinha com o link dos termos.<\/span><\/td>\n<td><span style=\"font-weight: 400;\">120 dias<\/span><\/td>\n<\/tr>\n<\/tbody>\n<\/table>\n<p>&nbsp;<\/p>\n<p>A CAD\/BIM Brasil n\u00e3o se responsabiliza pelas pr\u00e1ticas e Pol\u00edticas de Privacidade relacionadas a cookies de terceiros. Os usu\u00e1rios s\u00e3o livres para apagar de seus navegadores quaisquer cookies indesejados, configurar seus dispositivos e aplicativos para n\u00e3o permitir o uso de cookies e se utilizar de ferramentas que impe\u00e7am a leitura de seu IP.<\/p>\n<p>Esses sites tamb\u00e9m possuem diversas formas de contato volunt\u00e1rio com a CAD\/BIM Brasil, incluindo formul\u00e1rios de preenchimento volunt\u00e1rio do titular dos dados. Para o contato, \u00e9 necess\u00e1ria \u00e0 coleta dos dados de contato pela CAD\/BIM Brasil, sendo a tentativa de contato e o cadastro volunt\u00e1rio dos dados considerados demonstra\u00e7\u00e3o de consentimento para a coleta e uso desses. A falta de consentimento para a coleta e uso de tais dados deve ser demonstrada pelo n\u00e3o preenchimento dos formul\u00e1rios.<\/p>\n<p>A CAD\/BIM Brasil disponibiliza materiais e link de download atrav\u00e9s das p\u00e1ginas do dom\u00ednio <a href=\"http:\/\/www.arcadia-bim.com.br\/\">http:\/\/www.arcadia-bim.com.br;<\/a>\u00a0<a href=\"http:\/\/caddwg.com.br\">http:\/\/caddwg.com.br;https:\/\/www.intercaddwg.com.br.com.br<\/a> , sendo necess\u00e1rio o cadastro de dados pessoais para o recebimento dos materiais. O cadastro de dados pessoais \u00e9 feito de maneira volunt\u00e1ria pelo titular desses e significa consentimento da coleta e uso desses dados para a comunica\u00e7\u00e3o pela CAD\/BIM Brasil e o recebimento dos materiais. A falta de consentimento deve ser demonstrada pelo n\u00e3o preenchimento dos formul\u00e1rios e impossibilita o recebimento dos materiais.<\/p>\n<p>&nbsp;<\/p>\n<p><em>-Contato telef\u00f4nico-<\/em><\/p>\n<p>A CAD\/BIM Brasil se utiliza dos seguintes n\u00fameros de telefone para contato:<br \/>\n-21 2505-3939<br \/>\n-21 98995-6557<br \/>\n-21 97224-7393<\/p>\n<p>O contato volunt\u00e1rio com a CAD\/BIM Brasil por quaisquer desses n\u00fameros de telefone \u00e9 pass\u00edvel de uso de identificador de chamadas e significa o consentimento com a coleta e uso do n\u00famero identificado. O n\u00e3o consentimento com a coleta desse dado deve ser demonstrado com a aus\u00eancia de contato por meio telef\u00f4nico.<\/p>\n<p>Durante o contato telef\u00f4nico, o fornecimento de dados de maneira volunt\u00e1ria \u00e9 demonstra\u00e7\u00e3o de consentimento da coleta e do uso desses dados pela CAD\/BIM Brasil. O n\u00e3o consentimento com a coleta e uso desses dados deve ser demonstrado com o n\u00e3o fornecimento desses.<\/p>\n<p>O contato telef\u00f4nico pode tamb\u00e9m ocorrer por meio de aplicativos como Whatsapp. Tais aplicativos possibilitam a circula\u00e7\u00e3o de diversos tipos de dados como nomes pessoais cadastrados e fotos de perfil. Ao contatar a CAD\/BIM Brasil por tais aplicativos, o titular dos dados demonstra consentimento com a coleta e uso desses, bem como quaisquer outros que decida voluntariamente informar, pela empresa. O n\u00e3o consentimento com a coleta e uso desses dados deve ser demonstrado pela aus\u00eancia de contato a partir de tais aplicativos.<\/p>\n<p><em>-E-mail-<\/em><\/p>\n<p>Os e-mails <a href=\"mailto:comercial@arcadia-bim.com.br\">comercial@arcadia-bim.com.br;<\/a><a href=\"mailto:suporte@arcadia-bim.com.br\">suporte@arcadia-bim.com.br;financeiro@intercaddwg.com.br<\/a> s\u00e3o utilizados para a comunica\u00e7\u00e3o com a empresa CAD\/BIM Brasil. A partir do contato por e-mail \u00e9 poss\u00edvel obter informa\u00e7\u00f5es de quem iniciou o contato, tal como o e-mail do remetente, entre outros dados. Ao contatar voluntariamente a CAD\/BIM Brasil por esses e-mails o remetente consente com a coleta e uso desses dados. O n\u00e3o consentimento com a coleta e uso dos dados deve ser demonstrado com a aus\u00eancia de contato por e-mail.<\/p>\n<p><em>-Outros meios de comunica\u00e7\u00e3o-<\/em><\/p>\n<p>A CAD\/BIM Brasil tamb\u00e9m se utiliza de outros aplicativos, como Skype, para se comunicar com seus clientes. O contato a partir desse aplicativo possibilita, como no Whatsapp, a coleta de diversos dados cadastrados. Ao contatar a Kryzalis por tal aplicativo, o titular dos dados consente com a coleta e uso desses dados. O n\u00e3o consentimento deve ser demonstrado com a aus\u00eancia de contato por tal aplicativo.<\/p>\n<p>Os dados coletados s\u00e3o tratados com confidencialidade, dentro do que \u00e9 proposto nesse documento.<\/p>\n<p>\u00c9 importante destacar que, ao acessar p\u00e1ginas da CAD\/BIM Brasil em redes sociais e outros sites, as diversas plataformas de terceiros podem colher dados sobre os titulares. Tais dados n\u00e3o s\u00e3o de responsabilidade da Kryzalis, essa n\u00e3o coleta informa\u00e7\u00f5es de login, senha ou do perfil dos usu\u00e1rios desses sites.<\/p>\n<p>2. Dos dados coletados<br \/>\nOs dados que a CAD\/BIM brasil coleta s\u00e3o todos necess\u00e1rios para o funcionamento de seus servi\u00e7os. As informa\u00e7\u00f5es colhidas s\u00e3o necess\u00e1rias para a intera\u00e7\u00e3o entre a CAD\/BIM e seus clientes, tanto os interessados em seus servi\u00e7os quanto os que usufruem de seus materiais de apoio disponibilizados de maneira gratuita.<\/p>\n<p>O interesse da CAD\/BIM Brasil na obten\u00e7\u00e3o dos dados pessoais de seus clientes consiste na indispensabilidade desses para que ofere\u00e7a seus servi\u00e7os.<\/p>\n<p>As informa\u00e7\u00f5es principais a serem coletadas dos clientes s\u00e3o:<br \/>\n<em>-Nome-<\/em><br \/>\n<em>-Endere\u00e7o de e-mail-<\/em><br \/>\n<em>-N\u00famero de telefone-<\/em><\/p>\n<p>Esses dados s\u00e3o claramente coletados com a finalidade de identificar e se comunicar com cada cliente. O endere\u00e7o de e-mail tamb\u00e9m \u00e9 inserido, com o consentimento do cliente, nos sistemas internos de marketing da CAD\/BIM Brasil. Esses sistemas buscam categoriz\u00e1-los dentro de grupos espec\u00edficos de poss\u00edveis leads, informando cada um sobre ofertas e conte\u00fado de potencial interesse. O cliente pode, a qualquer momento, optar por n\u00e3o fazer parte de tais campanhas de marketing.<\/p>\n<p>Os sites da CAD\/BIM Brasil fazem uso dos cookies mencionados anteriormente. Cookies s\u00e3o arquivos criados no dispositivo ou navegador do usu\u00e1rio, utilizados amplamente por maioria dos sites em circula\u00e7\u00e3o hoje, para personalizar e melhorar a experi\u00eancia do usu\u00e1rio ao interagir com a p\u00e1gina. A partir de cookies, podem ser coletados dados sobre a visita aos sites, data, hora, dura\u00e7\u00e3o, por qual p\u00e1gina acessou o conte\u00fado, al\u00e9m de quais usu\u00e1rios retornam ao site.<br \/>\nTamb\u00e9m s\u00e3o coletadas, pelo site, informa\u00e7\u00f5es acerca do IP do usu\u00e1rio, com o intuito de analisar com efic\u00e1cia o alcance das plataformas digitais e os h\u00e1bitos de visita\u00e7\u00e3o dos interessados na CAD\/BIM Brasil. A partir do IP pode ser obtida, tamb\u00e9m, a localidade do usu\u00e1rio.<\/p>\n<p>3. Da partilha de dados<br \/>\nNo intuito de atender nossos clientes de forma especializada e eficiente. Para tanto, conta com uma equipe de profissionais enxuta e altamente capacitada, tendo em vista a manuten\u00e7\u00e3o de um alto padr\u00e3o de atendimento.<br \/>\nPara o funcionamento desse modelo, a CAD\/BIM Brasil se utiliza de servi\u00e7os de terceiros, que t\u00eam acesso \u00e0s informa\u00e7\u00f5es coletadas. Esses servi\u00e7os manuseiam os dados obtidos dentro das denomina\u00e7\u00f5es para as quais foram empregados, para possibilitar o fornecimento dos nossos softwares e servi\u00e7os.<\/p>\n<p>Cada um desses softwares e servi\u00e7os conta com sua pr\u00f3pria Pol\u00edtica de Privacidade e seus Termos de Uso, que podem ser averiguados nos sites abaixo:<br \/>\nrdstation.com<br \/>\ntawk.to<br \/>\nanalytics.google.com\/analytics\/web<\/p>\n<p>A CAD\/BIM Brasil n\u00e3o se responsabiliza pelas atividades de terceiros em rela\u00e7\u00e3o aos dados coletados, esses s\u00e3o respons\u00e1veis por suas pr\u00f3prias pol\u00edticas de privacidade e pr\u00e1ticas. Os dados pessoais coletados tamb\u00e9m poder\u00e3o ser compartilhados por ordem de autoridades judiciais, administrativas, estatais, que tomem provid\u00eancias legais para a obten\u00e7\u00e3o desses ou em qualquer outra hip\u00f3tese prevista em lei.<\/p>\n<p>4. Do consentimento<br \/>\nO acesso a qualquer p\u00e1gina de qualquer site da CAD\/BIM Brasil, bem como a obten\u00e7\u00e3o e uso de quaisquer conte\u00fado ou servi\u00e7os, s\u00e3o todos vinculados \u00e0 aceita\u00e7\u00e3o do disposto na presente Pol\u00edtica de Privacidade.<\/p>\n<p>O fornecimento de dados pelo cliente se d\u00e1 de maneira volunt\u00e1ria, ao utilizar os servi\u00e7os, sites e conte\u00fados da CAD\/BIM Brasil, deve o titular dos dados se informar dessas regras, sob responsabilidade pr\u00f3pria, antes de fornecer seus dados.<br \/>\n5. Da circula\u00e7\u00e3o internacional de dados.<\/p>\n<p>Alguns dos parceiros da CAD\/BIM Brasil s\u00e3o entidades de car\u00e1ter internacional, instalando-se fora das fronteiras nacionais. Cada uma dessas est\u00e1 sujeita \u00e0 pr\u00f3pria legisla\u00e7\u00e3o local em rela\u00e7\u00e3o \u00e0 seguran\u00e7a de dados.<\/p>\n<p>A CAD\/BIM Brasil, no entanto, encontra-se em territ\u00f3rio nacional, fazendo com que todas as empresas estejam sujeitas \u00e0 legisla\u00e7\u00e3o nacional, visto serem os dados inicialmente colhidos no Brasil.<\/p>\n<p>A responsabilidade de se adequar \u00e0 legisla\u00e7\u00e3o vigente no Brasil \u00e9 individual de cada outra empresa, bem como a responsabilidade sobre sua pr\u00f3pria pol\u00edtica de privacidade e o tratamento de dados.<\/p>\n<p>6. Do armazenamento dos dados<br \/>\nO armazenamento de dados pessoais ocorre de maneira virtual, pelo tempo que se fizer necess\u00e1rio para a presta\u00e7\u00e3o do servi\u00e7o contratado, disponibiliza\u00e7\u00e3o do material requerido ou propaga\u00e7\u00e3o da campanha de marketing.<\/p>\n<p>No caso da presta\u00e7\u00e3o de servi\u00e7os, os dados pessoais do cliente s\u00e3o armazenados enquanto durar o servi\u00e7o prestado. Sem os dados n\u00e3o seria poss\u00edvel a comunica\u00e7\u00e3o com o cliente.<\/p>\n<p>Nos casos de distribui\u00e7\u00e3o de material educativo ou apoio e campanhas de marketing, os dados pessoais obtidos s\u00e3o armazenados at\u00e9 que o cliente opte por sua exclus\u00e3o, para poder oferecer um servi\u00e7o continuado de ofertas e promo\u00e7\u00f5es de potencial interesse. Os dados dos leads da CAD\/BIM Brasil permanecem armazenados por um per\u00edodo de pelo menos 1 ano. A CAD\/BIM Brasil promove a limpeza de dados anualmente, apagando os dados que n\u00e3o forem mais utilizados para a seguran\u00e7a e privacidade de seus titulares todos os anos em mar\u00e7o.<\/p>\n<p>Qualquer titular de dados pessoais pode, mediante comunica\u00e7\u00e3o pelos diversos canais disponibilizados pela CAD\/BIM Brasil, solicitar a exclus\u00e3o de seus dados, que ocorrer\u00e1 em um prazo de at\u00e9 duas semanas. Quaisquer servi\u00e7os n\u00e3o finalizados podem ser interrompidos, causando rescis\u00e3o de quaisquer contratos relevantes.<\/p>\n<p>A CAD\/BIM Brasil se reserva ao direito de manter quaisquer dados que sejam necess\u00e1rios para exigir seus direitos leg\u00edtimos, sejam legais ou financeiros, incluindo, mas n\u00e3o se limitando a: nome, n\u00famero de telefone, endere\u00e7o de e-mail e dados de pagamento.<\/p>\n<p>7. Do titular dos dados pessoais<br \/>\nO titular dos dados pessoais tem diversos direitos, garantidos por lei, em rela\u00e7\u00e3o aos seus dados pessoais fornecidos, sendo esses:<\/p>\n<p>1. confirma\u00e7\u00e3o da exist\u00eancia de tratamento<br \/>\n2. acesso aos dados<br \/>\n3. corre\u00e7\u00e3o de dados<br \/>\n4. anonimiza\u00e7\u00e3o, bloqueio ou elimina\u00e7\u00e3o de dados<br \/>\n5. portabilidade dos dados<br \/>\n6. elimina\u00e7\u00e3o dos dados pessoais<br \/>\n7. informa\u00e7\u00e3o sobre o compartilhamento de dados<br \/>\n8. informa\u00e7\u00e3o sobre o n\u00e3o consentimento suas consequ\u00eancias<br \/>\n9. revoga\u00e7\u00e3o do consentimento<\/p>\n<p>Esses direitos podem ser obtidos a partir do contato da Kryzalis pelos diversos canais dispon\u00edveis.<\/p>\n<p>A CAD\/BIM Brasil busca fornecer uma experi\u00eancia embasada na confian\u00e7a e boas pr\u00e1ticas comerciais e se disponibiliza para resolver problemas dos titulares quanto aos seus dados pessoais.<\/p>\n<p>8. Mudan\u00e7as na Pol\u00edtica de Privacidade<br \/>\nA presente Pol\u00edtica de Privacidade pode incorrer em mudan\u00e7as, no futuro, para melhor suprir as necessidades legais e pessoais dos clientes e da CAD\/BIM Brasil. \u00c9 recomend\u00e1vel que todos que tenham dados pessoais tratados pela CAD\/BIM Brasil se mantenham atualizados.<\/p>\n","protected":false},"excerpt":{"rendered":"<p>A CAD\/BIM Brasil \u00e9 uma empresa que preza pela seguran\u00e7a dos dados coletados pessoalmente por seus funcion\u00e1rios, em seus websites (http:\/\/www.arcadia-bim.com.br, https:\/\/www.caddwg.com.br,https:\/\/www.intercaddwg.com.br), por contato direto telef\u00f4nico (21-2505-3939, 21-98995-6557), por e-mail (comercial@arcadia-bim.com.br, suporte@arcadia-bim.com.br,financeiro@intercaddwg.com.br;comercial@intercaddwg.com.br) ou outro meio eletr\u00f4nico durante o fornecimento de seus servi\u00e7os. A CAD\/BIM Brasil se compromete em manter a privacidade de seus clientes (referidos [&hellip;]<\/p>\n","protected":false},"author":1,"featured_media":0,"parent":0,"menu_order":0,"comment_status":"closed","ping_status":"closed","template":"","meta":{"_acf_changed":false,"footnotes":""},"class_list":["post-106","page","type-page","status-publish","hentry"],"acf":[],"_links":{"self":[{"href":"https:\/\/www.intercaddwg.com.br\/loja\/wp-json\/wp\/v2\/pages\/106","targetHints":{"allow":["GET"]}}],"collection":[{"href":"https:\/\/www.intercaddwg.com.br\/loja\/wp-json\/wp\/v2\/pages"}],"about":[{"href":"https:\/\/www.intercaddwg.com.br\/loja\/wp-json\/wp\/v2\/types\/page"}],"author":[{"embeddable":true,"href":"https:\/\/www.intercaddwg.com.br\/loja\/wp-json\/wp\/v2\/users\/1"}],"replies":[{"embeddable":true,"href":"https:\/\/www.intercaddwg.com.br\/loja\/wp-json\/wp\/v2\/comments?post=106"}],"version-history":[{"count":1,"href":"https:\/\/www.intercaddwg.com.br\/loja\/wp-json\/wp\/v2\/pages\/106\/revisions"}],"predecessor-version":[{"id":320,"href":"https:\/\/www.intercaddwg.com.br\/loja\/wp-json\/wp\/v2\/pages\/106\/revisions\/320"}],"wp:attachment":[{"href":"https:\/\/www.intercaddwg.com.br\/loja\/wp-json\/wp\/v2\/media?parent=106"}],"curies":[{"name":"wp","href":"https:\/\/api.w.org\/{rel}","templated":true}]}}