{"id":204,"date":"2021-07-06T18:46:05","date_gmt":"2021-07-06T21:46:05","guid":{"rendered":"https:\/\/www.intercaddwg.com.br\/loja\/?page_id=204"},"modified":"2024-03-06T15:36:08","modified_gmt":"2024-03-06T18:36:08","slug":"termos-de-uso","status":"publish","type":"page","link":"https:\/\/www.intercaddwg.com.br\/loja\/termos-de-uso","title":{"rendered":"Termos de Uso"},"content":{"rendered":"<p>O presente instrumento estabelece os termos de utiliza\u00e7\u00e3o pelo \u201cusu\u00e1rio\u201d dos \u201cservi\u00e7os\u201d e \u201cprogramas de computador\u201d da empresa \u201cCAD\/BIM Brasil\u201d, incluindo seus \u201cwebsites\u201d: <a href=\"http:\/\/www.caddwg.com.br\">http:\/\/www.caddwg.com.br<\/a>\u00a0<a href=\"https:\/\/www.arcadia-bim.com.br\">https:\/\/www.arcadia-bim.com.br https:\/\/www.intercaddwg.com.br<\/a><\/p>\n<p>Est\u00e3o inclusos nos \u201cTermos de Uso\u201d a Pol\u00edtica de Privacidade da \u201cCAD\/BIM Brasil\u201d, onde \u00e9 explicada a intera\u00e7\u00e3o com os dados pessoais de seus clientes.<\/p>\n<p>1- Dos Servi\u00e7os Fornecidos<br \/>\nA CAD\/BIM Brasil \u00e9 uma empresa de vendas que oferece softwares e servi\u00e7os relativos \u00e0 computa\u00e7\u00e3o gr\u00e1fica em sistemas CAD. Al\u00e9m desses servi\u00e7os principais, tamb\u00e9m disponibiliza materiais de apoio t\u00e9cnico em seus websites, sobre assuntos de potencial interesse para seus usu\u00e1rios.<\/p>\n<p>1.1- Da Contrata\u00e7\u00e3o dos Servi\u00e7os Principais<br \/>\nA contrata\u00e7\u00e3o da empresa CAD\/BIM Brasil, para presta\u00e7\u00e3o de quaisquer servi\u00e7os ou venda de software, ocorre de maneira pessoal e \u00fanica. Cada contrato \u00e9 feito visando ao melhor atendimento das necessidades de seus clientes.<br \/>\nOs contratos s\u00e3o subordinados \u00e0 Pol\u00edtica de Privacidade e aos termos descritos neste instrumento, no que for relevante.<\/p>\n<p>1.2- Da Utiliza\u00e7\u00e3o dos Websites<br \/>\nA CAD\/BIM Brasil mant\u00e9m diversos websites a serem utilizados pelos usu\u00e1rios. Um usu\u00e1rio \u00e9 qualquer pessoa que decida acessar qualquer conte\u00fado disponibilizado na internet pela CAD\/BIM Brasil. O uso dos conte\u00fados e servi\u00e7os contidos em tais websites pode estar vinculado ao fornecimento de \u201cinforma\u00e7\u00f5es pessoais\u201d do usu\u00e1rio, assim definidas pela Lei n\u00ba 13.709\/18, sendo a Pol\u00edtica de Privacidade acerca destas descrita em apartado.<\/p>\n<p>Os usu\u00e1rios que acessarem o conte\u00fado dos websites devem estar de acordo com a Pol\u00edtica de Privacidade e os Termos de Uso da CAD\/BIM Brasil. \u00c9 de responsabilidade do pr\u00f3prio usu\u00e1rio se informar destes documentos, bem como fornecer ou rescindir seu consentimento para o uso de seus dados pessoais, quando relevante.<\/p>\n<p>Os conte\u00fados e servi\u00e7os contidos nos websites da CAD\/BIM Brasil devem ser utilizados \u201ccomo dispon\u00edveis\u201d. N\u00e3o \u00e9 de responsabilidade da CAD\/BIM Brasil oferecer modifica\u00e7\u00f5es ou atendimento fora de sua proposta.<\/p>\n<p>Ao acessar os websites da CAD\/BIM Brasil, registrar dados pessoais neles, ou utilizar-se deles de outras maneiras, o usu\u00e1rio manifesta inequ\u00edvoca concord\u00e2ncia com os presentes Termos de Uso e com a Pol\u00edtica de Privacidade da Kryzalis.<br \/>\nA utiliza\u00e7\u00e3o dos websites pode se dar pelo acesso, visualiza\u00e7\u00e3o, obten\u00e7\u00e3o e exibi\u00e7\u00e3o de dados, download de dados e comunica\u00e7\u00e3o com a empresa. Os Termos de Uso e Pol\u00edtica de Privacidade s\u00e3o contrato vinculante entre a CAD\/BIM Brasil e o usu\u00e1rio. Em caso de n\u00e3o concord\u00e2ncia com os termos, o usu\u00e1rio n\u00e3o deve se utilizar dos websites, conte\u00fados e servi\u00e7os da CAD\/BIM Brasil.<\/p>\n<p>A CAD\/BIM Brasil pode alterar, a qualquer per\u00edodo, os Termos de Uso e sua Pol\u00edtica de Privacidade. Estes ser\u00e3o sempre disponibilizados aos usu\u00e1rios. A utiliza\u00e7\u00e3o continuada dos websites, conte\u00fados e servi\u00e7os da CAD\/BIM Brasil \u00e9 vinculada \u00e0 aceita\u00e7\u00e3o das atualiza\u00e7\u00f5es de Termos de Uso e Pol\u00edtica de Privacidade. \u00c9 responsabilidade do usu\u00e1rio se manter atualizado sobre tais mudan\u00e7as.<\/p>\n<p>2- Dos Dados Pessoais<br \/>\nA CAD\/BIM Brasil tem seu relacionamento com os dados pessoais de seus usu\u00e1rios regrada por sua Pol\u00edtica de Privacidade.<\/p>\n<p>2.1- Cadastro de Dados Pessoais<br \/>\nAlguns dos servi\u00e7os e conte\u00fados oferecidos pela CAD\/BIM Brasil necessitam que o usu\u00e1rio cadastre seus dados pessoais. Ao cadastrar voluntariamente seus dados pessoais, o usu\u00e1rio concorda com sua utiliza\u00e7\u00e3o de acordo com estes Termos de Uso e com todo o conte\u00fado da Pol\u00edtica de Privacidade da CAD\/BIM Brasil.<\/p>\n<p>O usu\u00e1rio deve cadastrar informa\u00e7\u00f5es corretas e pr\u00f3prias sendo vedado o uso de informa\u00e7\u00f5es de terceiros.<\/p>\n<p>3- Altera\u00e7\u00f5es nos Websites<br \/>\nOs websites da CAD\/BIM Brasil n\u00e3o t\u00eam natureza permanente, podendo ser modificados ou exclu\u00eddos a qualquer tempo. Os conte\u00fados dos websites e as intera\u00e7\u00f5es entre estes e os usu\u00e1rios s\u00e3o regidos por estes Termos de Uso e pela Pol\u00edtica de Privacidade. Quaisquer modifica\u00e7\u00f5es feitas nos websites s\u00e3o regradas pelos mencionados documentos. Modifica\u00e7\u00f5es que requeiram termos espec\u00edficos poder\u00e3o vir com modifica\u00e7\u00f5es nos presentes Termos de uso e na Pol\u00edtica de Privacidade.<\/p>\n<p>4- Conte\u00fado Externo \u00e0 CAD\/BIM Brasil<br \/>\n4.1- Parceiros Externos<br \/>\nA CAD\/BIM Brasil se utiliza de parceiros externos para prestar seus servi\u00e7os de maneira mais eficiente. A rela\u00e7\u00e3o com seus parceiros externos est\u00e1 disposta na Pol\u00edtica de Privacidade.<\/p>\n<p>A CAD\/BIM Brasil n\u00e3o se responsabiliza pelos conte\u00fados de seus parceiros externos ou por policiar o uso de dados por esses.<\/p>\n<p>4.2- Links Externos<br \/>\nA CAD\/BIM Brasil pode ter, em seus websites, links para websites de terceiros. Os websites de terceiros n\u00e3o s\u00e3o, sob qualquer hip\u00f3tese, de responsabilidade da CAD\/BIM Brasil em qualquer n\u00edvel.<\/p>\n<p>A utiliza\u00e7\u00e3o de websites de terceiros para a comunica\u00e7\u00e3o com a CAD\/BIM Brasil \u00e9 de responsabilidade do usu\u00e1rio e do terceiro. A CAD\/BIM Brasil n\u00e3o se responsabiliza pela coleta de quaisquer dados que ocorram neste tipo de intera\u00e7\u00e3o.<\/p>\n<p>4.3- Conte\u00fado Externo<br \/>\nA natureza dos servi\u00e7os da CAD\/BIM Brasil faz com que essa tenha acesso a conte\u00fados de sites de terceiros, inclusive de sites de seus usu\u00e1rios, em vezes participando da cria\u00e7\u00e3o dos designs e at\u00e9 manipulando tais sites.<\/p>\n<p>Os conte\u00fados disponibilizados em websites criados ou hospedados pela CAD\/BIM Brasil s\u00e3o de responsabilidade de seus respectivos donos. A CAD\/BIM Brasil n\u00e3o tem qualquer responsabilidade legal sobre estes.<\/p>\n","protected":false},"excerpt":{"rendered":"<p>O presente instrumento estabelece os termos de utiliza\u00e7\u00e3o pelo \u201cusu\u00e1rio\u201d dos \u201cservi\u00e7os\u201d e \u201cprogramas de computador\u201d da empresa \u201cCAD\/BIM Brasil\u201d, incluindo seus \u201cwebsites\u201d: http:\/\/www.caddwg.com.br\u00a0https:\/\/www.arcadia-bim.com.br https:\/\/www.intercaddwg.com.br Est\u00e3o inclusos nos \u201cTermos de Uso\u201d a Pol\u00edtica de Privacidade da \u201cCAD\/BIM Brasil\u201d, onde \u00e9 explicada a intera\u00e7\u00e3o com os dados pessoais de seus clientes. 1- Dos Servi\u00e7os Fornecidos A [&hellip;]<\/p>\n","protected":false},"author":1,"featured_media":0,"parent":0,"menu_order":0,"comment_status":"closed","ping_status":"closed","template":"","meta":{"_acf_changed":false,"footnotes":""},"class_list":["post-204","page","type-page","status-publish","hentry"],"acf":[],"_links":{"self":[{"href":"https:\/\/www.intercaddwg.com.br\/loja\/wp-json\/wp\/v2\/pages\/204","targetHints":{"allow":["GET"]}}],"collection":[{"href":"https:\/\/www.intercaddwg.com.br\/loja\/wp-json\/wp\/v2\/pages"}],"about":[{"href":"https:\/\/www.intercaddwg.com.br\/loja\/wp-json\/wp\/v2\/types\/page"}],"author":[{"embeddable":true,"href":"https:\/\/www.intercaddwg.com.br\/loja\/wp-json\/wp\/v2\/users\/1"}],"replies":[{"embeddable":true,"href":"https:\/\/www.intercaddwg.com.br\/loja\/wp-json\/wp\/v2\/comments?post=204"}],"version-history":[{"count":2,"href":"https:\/\/www.intercaddwg.com.br\/loja\/wp-json\/wp\/v2\/pages\/204\/revisions"}],"predecessor-version":[{"id":322,"href":"https:\/\/www.intercaddwg.com.br\/loja\/wp-json\/wp\/v2\/pages\/204\/revisions\/322"}],"wp:attachment":[{"href":"https:\/\/www.intercaddwg.com.br\/loja\/wp-json\/wp\/v2\/media?parent=204"}],"curies":[{"name":"wp","href":"https:\/\/api.w.org\/{rel}","templated":true}]}}