{"id":245,"date":"2024-02-01T10:08:13","date_gmt":"2024-02-01T13:08:13","guid":{"rendered":"https:\/\/www.intercaddwg.com.br\/loja\/?post_type=product&#038;p=245"},"modified":"2026-04-22T13:45:24","modified_gmt":"2026-04-22T16:45:24","slug":"software-intersoft-dwg-2d","status":"publish","type":"product","link":"https:\/\/www.intercaddwg.com.br\/loja\/produto\/software-intersoft-dwg-2d","title":{"rendered":"INTERsoft 2026"},"content":{"rendered":"<p>Por qu\u00ea devo comprar o INTERsoft 2026 para projetos 2D\/DWG?<\/p>\n<ul>\n<li>O INTERCAD \u00e9 um software extremamente econ\u00f4mico e nunca expira, com o custo de 15% do AutoCAD ! Ou seja, voc\u00ea poder\u00e1 usar o software por muitos anos sem a obrigatoriedade de renova\u00e7\u00f5es (subscription)<\/li>\n<li>Facilidade de adapta\u00e7\u00e3o, n\u00e3o havendo necessidade de treinamento, pois os comandos, recursos e tipo de arquivo (DWG) \u00e9 o mesmo do AutoCAD.<\/li>\n<li>Importa\u00e7\u00e3o IFC (Projetos BIM). O InterCAD possui recurso de importa\u00e7\u00e3o de arquivo BIM, facilitando os projetos complementares (ex: El\u00e9trica, Hidr\u00e1ulica entre outros).<\/li>\n<li>Compatibilidade com arquivos DWG do AutoCAD. Permite que os projetos sejam criados da mesma forma no INTERCAD.<\/li>\n<li>Por ser uma licen\u00e7a em NUVEM existe a grande facilidade de usar a mesma licen\u00e7a em qualquer computador em lugares diferente, desde que o uso n\u00e3o seja simult\u00e2neo.<\/li>\n<\/ul>\n<div style=\"width: 640px;\" class=\"wp-video\"><video class=\"wp-video-shortcode\" id=\"video-245-1\" width=\"640\" height=\"360\" preload=\"metadata\" controls=\"controls\"><source type=\"video\/mp4\" src=\"https:\/\/www.intercaddwg.com.br\/loja\/wp-content\/uploads\/2024\/02\/INTERsoft-INTELLICAD-2023.mp4?_=1\" \/><a href=\"https:\/\/www.intercaddwg.com.br\/loja\/wp-content\/uploads\/2024\/02\/INTERsoft-INTELLICAD-2023.mp4\">https:\/\/www.intercaddwg.com.br\/loja\/wp-content\/uploads\/2024\/02\/INTERsoft-INTELLICAD-2023.mp4<\/a><\/video><\/div>\n","protected":false},"excerpt":{"rendered":"<h3><strong>Alternativa CAD \u2013 DWG<br \/>\nEspecial para CONSTRUTORAS!<\/strong><\/h3>\n<p>O InterCAD possui alta tecnologia para cria\u00e7\u00e3o de projetos 2D no formato DWG. Utiliza os mesmos comandos, atalhos e formato de arquivo do AutoCAD<\/p>\n<p>Este software \u00e9 para voc\u00ea que quer obter melhorias e praticidade ao desenvolver seus projetos, al\u00e9m de se livrar dos altos custos em software.<\/p>\n<ul>\n<li>Licenciamento em NUVEM<\/li>\n<li>Interface similar ao AutoCAD<\/li>\n<li>Formato DWG nativo<\/li>\n<li>Licen\u00e7a Permanente<\/li>\n<li>Melhor custo x benef\u00edcio<\/li>\n<\/ul>\n","protected":false},"featured_media":386,"comment_status":"open","ping_status":"closed","template":"","meta":{"_acf_changed":false},"product_cat":[20],"product_tag":[],"class_list":{"0":"post-245","1":"product","2":"type-product","3":"status-publish","4":"has-post-thumbnail","6":"product_cat-sem-categoria","8":"first","9":"instock","10":"sale","11":"shipping-taxable","12":"purchasable","13":"product-type-variable"},"acf":[],"_links":{"self":[{"href":"https:\/\/www.intercaddwg.com.br\/loja\/wp-json\/wp\/v2\/product\/245","targetHints":{"allow":["GET"]}}],"collection":[{"href":"https:\/\/www.intercaddwg.com.br\/loja\/wp-json\/wp\/v2\/product"}],"about":[{"href":"https:\/\/www.intercaddwg.com.br\/loja\/wp-json\/wp\/v2\/types\/product"}],"replies":[{"embeddable":true,"href":"https:\/\/www.intercaddwg.com.br\/loja\/wp-json\/wp\/v2\/comments?post=245"}],"wp:featuredmedia":[{"embeddable":true,"href":"https:\/\/www.intercaddwg.com.br\/loja\/wp-json\/wp\/v2\/media\/386"}],"wp:attachment":[{"href":"https:\/\/www.intercaddwg.com.br\/loja\/wp-json\/wp\/v2\/media?parent=245"}],"wp:term":[{"taxonomy":"product_cat","embeddable":true,"href":"https:\/\/www.intercaddwg.com.br\/loja\/wp-json\/wp\/v2\/product_cat?post=245"},{"taxonomy":"product_tag","embeddable":true,"href":"https:\/\/www.intercaddwg.com.br\/loja\/wp-json\/wp\/v2\/product_tag?post=245"}],"curies":[{"name":"wp","href":"https:\/\/api.w.org\/{rel}","templated":true}]}}